{"id":19579,"date":"2024-05-01T16:14:54","date_gmt":"2024-05-01T14:14:54","guid":{"rendered":"https:\/\/www.stiemerheide.be\/?page_id=19579"},"modified":"2026-02-02T09:02:40","modified_gmt":"2026-02-02T08:02:40","slug":"menu-moonstone","status":"publish","type":"page","link":"https:\/\/www.stiemerheide.be\/en\/gastronomy\/menu-moonstone\/","title":{"rendered":"Menu Moonstone"},"content":{"rendered":"<h2>&nbsp;<\/h2>\n<table style=\"border-collapse: collapse; width: 100%; height: 942px;\">\n<tbody>\n<tr style=\"height: 39px;\">\n<td style=\"width: 89.6296%; height: 39px;\"><em>Starters<\/em><\/td>\n<td style=\"width: 10.3704%; height: 39px;\">&nbsp;<\/td>\n<\/tr>\n<tr style=\"height: 71px;\">\n<td style=\"width: 89.6296%; height: 71px;\"><strong><span style=\"font-family: inherit; font-size: inherit;\">Stuffed avocado<\/span><br \/>\n<\/strong>Quinoa &#8211; goat cheese &#8211; pecan &#8211; basil<\/td>\n<td style=\"width: 10.3704%; height: 71px;\">\u20ac 24,00<\/td>\n<\/tr>\n<tr style=\"height: 71px;\">\n<td style=\"width: 89.6296%; height: 18px;\"><strong>Cream Dubarry<br \/>\n<\/strong>Cauliflower &#8211; leek oil &#8211; truffle &#8211; pork belly<\/td>\n<td style=\"width: 10.3704%; height: 18px;\">\u20ac 20,00<\/td>\n<\/tr>\n<tr style=\"height: 71px;\">\n<td style=\"width: 89.6296%; height: 71px;\"><strong>North Sea crab bisque<\/strong><br \/>\nCrab ravioli &#8211; gray shrimp &#8211; coconut<\/td>\n<td style=\"width: 10.3704%; height: 71px;\">\u20ac 23,00<\/td>\n<\/tr>\n<tr style=\"height: 70px;\">\n<td style=\"width: 89.6296%; height: 10px;\"><strong>Sea bass<\/strong><br \/>\nMussels &#8211; champagne dressing &#8211; salty vegetables<\/td>\n<td style=\"width: 10.3704%; text-align: left; height: 10px;\">\u20ac 28,00<\/td>\n<\/tr>\n<tr style=\"height: 70px;\">\n<td style=\"width: 89.6296%; height: 70px;\"><strong>Steak tartare<\/strong><br \/>\nCrispy farm egg &#8211; wild mushroom foam &#8211; Parmesan<\/td>\n<td style=\"width: 10.3704%; text-align: left; height: 70px;\">\u20ac 27,00<\/td>\n<\/tr>\n<tr style=\"height: 39px;\">\n<td style=\"width: 89.6296%; height: 39px;\"><strong>Slightly burnt scallops<\/strong><br \/>\nTruffle &#8211; cauliflower &#8211; hazelnut &#8211; Jerusalem artichoke<\/td>\n<td style=\"width: 10.3704%; height: 39px; text-align: left;\">\u20ac 30,00<\/td>\n<\/tr>\n<tr style=\"height: 68px;\">\n<td style=\"width: 89.6296%; height: 21px;\"><em>Main courses<\/em><\/td>\n<td style=\"width: 10.3704%; height: 21px; text-align: left;\">&nbsp;<\/td>\n<\/tr>\n<tr style=\"height: 70px;\">\n<td style=\"width: 89.6296%; height: 70px;\"><strong>Risotto with forgotten vegetables<\/strong><br \/>\nCrispy farm egg &#8211; salsify &#8211; Jerusalem artichoke jus<\/td>\n<td style=\"width: 10.3704%; height: 70px;\">\u20ac 33,00<\/td>\n<\/tr>\n<tr style=\"height: 70px;\">\n<td style=\"width: 89.6296%; height: 21px;\"><strong>Ray wing \u00e0 la Grenobloise<\/strong><br \/>\nMousseline of La Ratte potatoes &#8211; capers &#8211; brown butter<\/td>\n<td style=\"width: 10.3704%; height: 21px;\">\u20ac 47,00<\/td>\n<\/tr>\n<tr style=\"height: 70px;\">\n<td style=\"width: 89.6296%; height: 70px;\"><strong>Salmon fillet<\/strong><br \/>\nUdon noodles &#8211; Khao Soi &#8211; julienne vegetables<\/td>\n<td style=\"width: 10.3704%; height: 70px;\">\u20ac 41,00<\/td>\n<\/tr>\n<tr style=\"height: 70px;\">\n<td style=\"width: 89.6296%; height: 70px;\"><strong>Quail<\/strong><br \/>\nBigarade sauce &#8211; celeriac &#8211; orange &#8211; polenta<\/td>\n<td style=\"width: 10.3704%; height: 70px;\">\u20ac 41,00<\/td>\n<\/tr>\n<tr style=\"height: 70px;\">\n<td style=\"width: 89.6296%; height: 70px;\"><strong>Fillet mignon from the grill<\/strong><br \/>\nScorzonera &#8211; black garlic jus &#8211; candied potato<\/td>\n<td style=\"width: 10.3704%; height: 70px;\">\u20ac 51,00<\/td>\n<\/tr>\n<tr style=\"height: 71px;\">\n<td style=\"width: 89.6296%; height: 10px;\"><em>Desserts<\/em><\/td>\n<td style=\"width: 10.3704%; height: 10px;\">&nbsp;<\/td>\n<\/tr>\n<tr style=\"height: 41px;\">\n<td style=\"width: 89.6296%; height: 41px;\"><strong>Assortment of artisanal cheeses<\/strong> &#8211; by van Tricht<\/td>\n<td style=\"width: 10.3704%; height: 41px;\">\u20ac 23,00<\/td>\n<\/tr>\n<tr style=\"height: 70px;\">\n<td style=\"width: 89.6296%; height: 70px;\"><strong>Savory cheesecake from Oud Brugge<\/strong><br \/>\nFigs &#8211; preserved grapes &#8211; flower honey<\/td>\n<td style=\"width: 10.3704%; height: 70px;\">\u20ac 20,00<\/td>\n<\/tr>\n<tr style=\"height: 70px;\">\n<td style=\"width: 89.6296%; height: 70px;\"><strong>\u201cSnickers \u00e0 la Moonstone\u201d<\/strong><br \/>\nCreation of Belgian chocolate &#8211; peanut &#8211; caramel<\/td>\n<td style=\"width: 10.3704%; height: 70px;\">\u20ac 19,00<\/td>\n<\/tr>\n<tr style=\"height: 71px;\">\n<td style=\"width: 89.6296%; height: 71px;\"><strong>Dame blanche<br \/>\n<\/strong>Classic<strong><br \/>\n<\/strong><\/td>\n<td style=\"width: 10.3704%; height: 71px;\">\u20ac 17,00<\/td>\n<\/tr>\n<tr style=\"height: 40px;\">\n<td style=\"width: 89.6296%; height: 40px;\"><strong>Warm apple crumble<br \/>\n<\/strong>Vanilla ice cream &#8211; cr\u00e8me p\u00e2tissi\u00e8re &#8211; brandy-infused raisins<\/td>\n<td style=\"width: 10.3704%; height: 40px;\">\u20ac 19,00<\/td>\n<\/tr>\n<\/tbody>\n<\/table>\n<h2 style=\"text-align: center;\">Chef&#8217;s Signature Menu<\/h2>\n<p style=\"text-align: center;\">(To be ordered before 20:30hrs)<\/p>\n<p style=\"text-align: center;\"><strong>Slightly burnt scallops<\/strong><br \/>\nTruffle &#8211; cauliflower &#8211; hazelnut &#8211; Jerusalem artichoke<br \/>\n&#8211;<br \/>\n<strong>North Sea crab bisque<\/strong><br \/>\nCrab ravioli &#8211; gray shrimp &#8211; coconut<br \/>\n&#8211;<br \/>\n<strong>Ray wing \u00e0 la Grenobloise*<\/strong><br \/>\nMousseline of La Ratte potatoes &#8211; capers &#8211; brown butter<br \/>\n&#8211;<br \/>\n<strong>Fillet mignon from the grill<\/strong><br \/>\nScorzonera &#8211; black garlic jus &#8211; candied potato<br \/>\n&#8211;<br \/>\n<strong>&nbsp;\u201cSnickers \u00e0 la Moonstone\u201d<\/strong><br \/>\nCreation of Belgian chocolate &#8211; peanut &#8211; caramel<br \/>\nor<br \/>\n<strong>Artisanal cheeses by Van Tricht<\/strong><br \/>\n<em>Supplement \u20ac 12,50<\/em><\/p>\n<table class=\"pricetable\" style=\"width: 90%;\">\n<tbody>\n<tr>\n<td style=\"width: 85.1852%;\">4-course menu<br \/>\nWine package<\/td>\n<td style=\"width: 9.62964%; text-align: left;\">\u20ac 83,00<br \/>\n\u20ac 44,00<\/td>\n<\/tr>\n<tr>\n<td style=\"width: 85.1852%;\">5-course menu*<br \/>\nWine package<\/td>\n<td style=\"width: 9.62964%; text-align: left;\">\u20ac 97,00<br \/>\n\u20ac 55,00<\/td>\n<\/tr>\n<\/tbody>\n<\/table>\n<h2 style=\"text-align: center;\">Bib Gourmand<\/h2>\n<p style=\"text-align: center;\"><strong>Mackerel<\/strong><br \/>\nMussels &#8211; champagne dressing &#8211; salty vegetables<br \/>\nor<br \/>\n<strong>Steak tartare<\/strong><br \/>\nCrispy farm egg &#8211; wild mushroom foam &#8211; Parmesan<br \/>\n&#8211;<br \/>\n<strong>Salmon fillet<\/strong><br \/>\nUdon noodles &#8211; Khao Soi &#8211; julienne vegetables<br \/>\nor<br \/>\n<strong>Quail<\/strong><br \/>\nBigarade sauce &#8211; celeriac &#8211; orange &#8211; polenta<br \/>\n&#8211;<br \/>\n<strong>Savory cheesecake from Oud Brugge<\/strong><br \/>\nFigs &#8211; preserved grapes &#8211; flower honey<br \/>\nor<br \/>\n<strong>Warm apple crumble<\/strong><br \/>\nVanilla ice cream &#8211; cr\u00e8me p\u00e2tissi\u00e8re &#8211; brandy-infused raisins<br \/>\nor<br \/>\n<strong>Artisanal cheeses by Van Tricht<\/strong><br \/>\n<em>Supplement \u20ac 12,50<\/em><\/p>\n<table class=\"pricetable\" style=\"width: 90%;\">\n<tbody>\n<tr>\n<td style=\"width: 85.1852%;\">3-course menu<br \/>\nWine package<\/td>\n<td style=\"width: 9.62964%; text-align: left;\">\u20ac 49,50<br \/>\n\u20ac 34,50<\/td>\n<\/tr>\n<\/tbody>\n<\/table>\n<p style=\"text-align: center;\"><span style=\"font-size: 12pt;\">If you have any allergies or dietary requirements, please inform your host\/hostess. Ingredients of our dishes may vary depending on daily fresh supply.<\/span><br \/>\n<span style=\"font-size: 12pt;\">For groups larger than 6 persons, only a fixed menu is possible and no \u00e0 la carte individual choices. Bib Gourmand menu not available for groups as of 15 persons.<\/span><\/p>\n","protected":false},"excerpt":{"rendered":"<p>&nbsp; Starters &nbsp; Stuffed avocado Quinoa &#8211; goat cheese &#8211;<\/p>\n","protected":false},"author":10,"featured_media":0,"parent":1477,"menu_order":4,"comment_status":"closed","ping_status":"closed","template":"templates\/simple.php","meta":{"_acf_changed":false,"ngg_post_thumbnail":0,"footnotes":""},"class_list":["post-19579","page","type-page","status-publish","hentry"],"acf":[],"publishpress_future_action":{"enabled":false,"date":"2026-04-25 08:06:59","action":"change-status","newStatus":"draft","terms":[],"taxonomy":"translation_priority"},"publishpress_future_workflow_manual_trigger":{"enabledWorkflows":[]},"_links":{"self":[{"href":"https:\/\/www.stiemerheide.be\/en\/wp-json\/wp\/v2\/pages\/19579","targetHints":{"allow":["GET"]}}],"collection":[{"href":"https:\/\/www.stiemerheide.be\/en\/wp-json\/wp\/v2\/pages"}],"about":[{"href":"https:\/\/www.stiemerheide.be\/en\/wp-json\/wp\/v2\/types\/page"}],"author":[{"embeddable":true,"href":"https:\/\/www.stiemerheide.be\/en\/wp-json\/wp\/v2\/users\/10"}],"replies":[{"embeddable":true,"href":"https:\/\/www.stiemerheide.be\/en\/wp-json\/wp\/v2\/comments?post=19579"}],"version-history":[{"count":81,"href":"https:\/\/www.stiemerheide.be\/en\/wp-json\/wp\/v2\/pages\/19579\/revisions"}],"predecessor-version":[{"id":20523,"href":"https:\/\/www.stiemerheide.be\/en\/wp-json\/wp\/v2\/pages\/19579\/revisions\/20523"}],"up":[{"embeddable":true,"href":"https:\/\/www.stiemerheide.be\/en\/wp-json\/wp\/v2\/pages\/1477"}],"wp:attachment":[{"href":"https:\/\/www.stiemerheide.be\/en\/wp-json\/wp\/v2\/media?parent=19579"}],"curies":[{"name":"wp","href":"https:\/\/api.w.org\/{rel}","templated":true}]}}